{"id":2363,"date":"2022-12-29T13:22:26","date_gmt":"2022-12-29T12:22:26","guid":{"rendered":"https:\/\/www.hopmanmachinefabriek.nl\/allgemeine-geschaeftsbedingungen\/"},"modified":"2024-10-02T16:34:57","modified_gmt":"2024-10-02T14:34:57","slug":"allgemeine-geschaeftsbedingungen","status":"publish","type":"page","link":"https:\/\/www.hopmanmachinefabriek.nl\/de\/allgemeine-geschaeftsbedingungen\/","title":{"rendered":"Allgemeine Gesch\u00e4ftsbedingungen"},"content":{"rendered":"\t\t<div data-elementor-type=\"wp-page\" data-elementor-id=\"2363\" class=\"elementor elementor-2363 elementor-1252\" data-elementor-post-type=\"page\">\n\t\t\t\t\t\t<section class=\"elementor-section elementor-top-section elementor-element elementor-element-974e3a3 elementor-section-height-min-height elementor-section-items-bottom generic-section elementor-section-boxed elementor-section-height-default\" data-id=\"974e3a3\" data-element_type=\"section\" data-e-type=\"section\" data-settings=\"{&quot;jet_parallax_layout_list&quot;:[],&quot;background_background&quot;:&quot;classic&quot;}\">\n\t\t\t\t\t\t<div class=\"elementor-container elementor-column-gap-default\">\n\t\t\t\t\t<div class=\"elementor-column elementor-col-100 elementor-top-column elementor-element elementor-element-0b58ce8\" data-id=\"0b58ce8\" data-element_type=\"column\" data-e-type=\"column\">\n\t\t\t<div class=\"elementor-widget-wrap elementor-element-populated\">\n\t\t\t\t\t\t\t<\/div>\n\t\t<\/div>\n\t\t\t\t\t<\/div>\n\t\t<\/section>\n\t\t\t\t<section class=\"elementor-section elementor-top-section elementor-element elementor-element-ee6f970 generic-section elementor-section-boxed elementor-section-height-default elementor-section-height-default\" data-id=\"ee6f970\" data-element_type=\"section\" data-e-type=\"section\" data-settings=\"{&quot;jet_parallax_layout_list&quot;:[]}\">\n\t\t\t\t\t\t<div class=\"elementor-container elementor-column-gap-default\">\n\t\t\t\t\t<div class=\"elementor-column elementor-col-100 elementor-top-column elementor-element elementor-element-4f45553\" data-id=\"4f45553\" data-element_type=\"column\" data-e-type=\"column\">\n\t\t\t<div class=\"elementor-widget-wrap elementor-element-populated\">\n\t\t\t\t\t\t<div class=\"elementor-element elementor-element-7a235db elementor-widget elementor-widget-text-editor\" data-id=\"7a235db\" data-element_type=\"widget\" data-e-type=\"widget\" data-widget_type=\"text-editor.default\">\n\t\t\t\t<div class=\"elementor-widget-container\">\n\t\t\t\t\t\t\t\t\t<p><strong>Allgemeine Gesch\u00e4ftsbedingungen<\/strong><\/p>\n<p>Diese Allgemeinen Gesch\u00e4ftsbedingungen definieren die Regeln und Vorschriften f\u00fcr die Nutzung der Website von Hopman Machinefabriek, die sich unter folgender Adresse befindet: https:\/\/www.hopmanmachinefabriek.nl.<\/p>\n<p>Mit dem Besuch dieser Website gehen wir davon aus, dass Sie diese Allgemeinen Gesch\u00e4ftsbedingungen akzeptieren. Nutzen Sie hopmanmachinefabriek nicht weiter, wenn Sie nicht mit allen auf dieser Seite genannten Bedingungen einverstanden sind.<\/p>\n<p><strong>Cookies:<\/strong><\/p>\n<p>Die Website verwendet Cookies, um Ihr Online-Erlebnis pers\u00f6nlicher zu gestalten. Indem Sie die Website hopmanmachinefabriek aufrufen, stimmen Sie der Verwendung der erforderlichen Cookies zu.<\/p>\n<p>Ein Cookie ist eine Textdatei, die von einem Webserver auf Ihrer Festplatte gespeichert wird. Cookies k\u00f6nnen nicht zur Ausf\u00fchrung von Programmen oder zur \u00dcbertragung von Viren auf Ihren Computer verwendet werden. Cookies sind Ihnen eindeutig zugeordnet und k\u00f6nnen nur von einem Webserver in der Domain gelesen werden, die das Cookie an Sie ausgegeben hat.<\/p>\n<p>Wir k\u00f6nnen Cookies verwenden, um Informationen f\u00fcr statistische oder Marketingzwecke zu sammeln, zu speichern und zu verfolgen, damit unsere Website ordnungsgem\u00e4\u00df funktioniert. Sie haben die M\u00f6glichkeit, optionale Cookies zu akzeptieren oder abzulehnen. Es gibt einige erforderliche Cookies, die f\u00fcr den Betrieb unserer Website notwendig sind. Diese Cookies bed\u00fcrfen nicht Ihrer Zustimmung, da sie immer aktiv sind. Bitte beachten Sie, dass Sie mit der Annahme der erforderlichen Cookies auch die Cookies von Drittanbietern akzeptieren, die von Diensten von Drittanbietern verwendet werden k\u00f6nnen, wenn Sie solche Dienste auf unserer Website nutzen, z. B. ein in unsere Website integriertes Video-Wiedergabefenster eines Drittanbieters.<\/p>\n<p><strong>Lizenz:<\/strong><\/p>\n<p>Sofern nicht anders angegeben, besitzen Hopman Machinefabriek und\/oder ihre Lizenzgeber die geistigen Eigentumsrechte f\u00fcr alle Daten auf hopmanmachinefabriek. Alle Rechte an geistigem Eigentum sind vorbehalten. Sie k\u00f6nnen auf diese Website von hopmanmachinefabriek f\u00fcr Ihren pers\u00f6nlichen Gebrauch zugreifen, vorbehaltlich der Einschr\u00e4nkungen, die in diesen Allgemeinen Gesch\u00e4ftsbedingungen festgelegt sind.<\/p>\n<p>Sie d\u00fcrfen kein:<\/p>\n<ul>\n<li>Material von hopmanmachinefabriek kopieren oder wiederver\u00f6ffentlichen<\/li>\n<li>Material von hopmanmachinefabriek verkaufen, vermieten oder unterlizensieren<\/li>\n<li>Material von hopmanmachinefabriek reproduzieren, vervielf\u00e4ltigen oder kopieren<\/li>\n<li>Inhalte von hopmanmachinefabriek verteilen<\/li>\n<\/ul>\n<p>Dieser Vertrag beginnt an diesem Datum.<\/p>\n<p>Teile dieser Website erm\u00f6glichen es Benutzern, Meinungen und Informationen zu bestimmten Teilen der Website zu ver\u00f6ffentlichen und auszutauschen. Hopman Machinefabriek filtert, bearbeitet, ver\u00f6ffentlicht oder \u00fcberpr\u00fcft Kommentare nicht, bevor sie auf der Website erscheinen. Kommentare spiegeln nicht die Ansichten und Meinungen von Hopman Machinefabriek, ihren Vertretern und\/oder verbundenen Unternehmen wider. Kommentare spiegeln die Ansichten und Meinungen der Person wider, die ihre Ansichten und Meinungen ver\u00f6ffentlicht. Hopman Machinefabriek haftet, soweit gesetzlich zul\u00e4ssig, weder f\u00fcr die Kommentare noch f\u00fcr jegliche Haftung, Sch\u00e4den oder Kosten, die durch die Nutzung und\/oder das Einstellen und\/oder das Erscheinen der Kommentare auf dieser Website verursacht und\/oder erlitten werden.<\/p>\n<p>Hopman Machinefabriek beh\u00e4lt sich das Recht vor, alle Kommentare zu \u00fcberwachen und alle Kommentare zu entfernen, die als unangemessen, beleidigend oder als Versto\u00df gegen diese Allgemeinen Gesch\u00e4ftsbedingungen angesehen werden k\u00f6nnen.<\/p>\n<p>Sie garantieren und erkl\u00e4ren, dass:<\/p>\n<ul>\n<li>Sie das Recht haben, die Kommentare auf unserer Website zu ver\u00f6ffentlichen und \u00fcber alle erforderlichen Lizenzen und Genehmigungen verf\u00fcgen, um dies zu tun;<\/li>\n<li>Die Kommentare keine Rechte an geistigem Eigentum, einschlie\u00dflich, aber nicht beschr\u00e4nkt auf Urheberrechte, Patente oder Marken Dritter, verletzen;<\/li>\n<li>Die Kommentare kein beleidigendes, verleumderisches, anst\u00f6\u00dfiges, unanst\u00e4ndiges oder anderweitig ungesetzliches Material enthalten, das eine Verletzung der Privatsph\u00e4re darstellt.<\/li>\n<li>Die Kommentare nicht dazu verwendet werden, um f\u00fcr Gesch\u00e4fte oder Kunden oder laufende kommerzielle Aktivit\u00e4ten oder illegale Aktivit\u00e4ten zu werben oder diese zu f\u00f6rdern.<\/li>\n<\/ul>\n<p>\u00a0<\/p>\n<p>Hiermit erteilen Sie Hopman Machinefabriek eine nicht-exklusive Lizenz zur Nutzung, Vervielf\u00e4ltigung und Bearbeitung Ihrer Kommentare sowie zur Erm\u00e4chtigung anderer zur Nutzung, Vervielf\u00e4ltigung und Bearbeitung Ihrer Kommentare in jeder Form, jedem Format und jedem Medium.<\/p>\n<p><strong>Hyperlinks zu unseren Inhalten:<\/strong><\/p>\n<p>Die folgenden Organisationen k\u00f6nnen ohne vorherige schriftliche Genehmigung Links auf unsere Website setzen:<\/p>\n<ul>\n<li>Regierungsbeh\u00f6rden;<\/li>\n<li>Suchmaschinen;<\/li>\n<li>Nachrichtenorganisationen;<\/li>\n<li>Online-Verzeichnis-Dienste k\u00f6nnen auf unsere Website in gleicher Weise verlinken wie Hyperlinks zu den Websites anderer b\u00f6rsennotierter Unternehmen; und<\/li>\n<li>Akkreditierte Unternehmen f\u00fcr das gesamte System, mit Ausnahme der Anwerbung durch gemeinn\u00fctzige Organisationen, Einkaufszentren f\u00fcr wohlt\u00e4tige Zwecke und Wohlt\u00e4tigkeitsgruppen, die keinen Hyperlink zu unserer Website setzen d\u00fcrfen.<\/li>\n<\/ul>\n<p>\u00a0<\/p>\n<p>Diese Organisationen k\u00f6nnen Links zu unserer Homepage, zu Ver\u00f6ffentlichungen oder anderen Informationen auf unserer Website setzen, solange der Link: (a) in keiner Weise irref\u00fchrend ist; (b) nicht f\u00e4lschlicherweise eine F\u00f6rderung, Bef\u00fcrwortung oder Genehmigung der verlinkenden Partei und ihrer Produkte und\/oder Dienstleistungen impliziert; und (c) in den Kontext der Website der verlinkenden Partei passt.<\/p>\n<p>Wir k\u00f6nnen andere Linkanfragen von den folgenden Arten von Organisationen in Erw\u00e4gung ziehen und genehmigen:<\/p>\n<ul>\n<li>allgemein bekannte Informationsquellen f\u00fcr Verbraucher und\/oder Unternehmen;<\/li>\n<li>dot.com-Community-Websites;<\/li>\n<li>Vereinigungen oder andere Gruppen, die wohlt\u00e4tige Zwecke vertreten;<\/li>\n<li>Online-Verzeichnis-Dienste;<\/li>\n<li>Internetportale;<\/li>\n<li>Wirtschaftspr\u00fcfungs-, Anwalts- und Beratungsunternehmen; und<\/li>\n<li>Bildungseinrichtungen und Wirtschaftsverb\u00e4nde.<\/li>\n<\/ul>\n<p>\u00a0<\/p>\n<p>Wir werden Linkanfragen von diesen Organisationen genehmigen, wenn wir entscheiden, dass: (a) der Link uns oder unsere akkreditierten Unternehmen nicht negativ darstellen w\u00fcrde; (b) die Organisation keinen negativen Eintrag bei uns hat; (c) der Nutzen, den wir aus der Sichtbarkeit des Hyperlinks ziehen, die Abwesenheit von Hopman Machinefabriek aufwiegt; und (d) der Link im Zusammenhang mit allgemeinen Quelleninformationen steht.<\/p>\n<p>Diese Organisationen d\u00fcrfen auf unsere Homepage verlinken, solange der Link: (a) in keiner Weise irref\u00fchrend ist; (b) nicht f\u00e4lschlicherweise den Eindruck erweckt, dass die verlinkende Partei und ihre Produkte oder Dienstleistungen gesponsert oder unterst\u00fctzt werden; und (c) in den Kontext der Website der verlinkenden Partei passt.<\/p>\n<p>Wenn Sie eine der in Absatz 2 genannten Organisationen sind und daran interessiert sind, unsere Website zu verlinken, sollten Sie uns dies mitteilen, indem Sie eine E-Mail an Hopman Machinefabriek senden. Geben Sie Ihren Namen, den Namen Ihrer Organisation, Ihre Kontaktdaten sowie die URL Ihrer Website, eine Liste aller URLs, von denen Sie auf unsere Website verlinken m\u00f6chten, und eine Liste der URLs auf unserer Website, auf die Sie verlinken m\u00f6chten, an. Warten Sie 2-3 Wochen auf eine Antwort.<\/p>\n<p>Genehmigte Organisationen k\u00f6nnen wie folgt einen Hyperlink zu unserer Website setzen:<\/p>\n<ul>\n<li>Durch die Verwendung unseres Firmennamens; oder<\/li>\n<li>Durch die Verwendung des Uniform Resource Locator, auf den verlinkt wird; oder<\/li>\n<li>Die Verwendung einer anderen Beschreibung unserer verlinkten Website, wobei diese im Kontext und im Format des Inhalts auf der Website der verlinkenden Partei sinnvoll sein sollte.<\/li>\n<\/ul>\n<p>\u00a0<\/p>\n<p>Die Verwendung des Logos oder anderer Grafiken von Hopman Machinefabriek zur Verlinkung ist ohne eine Markenlizenzvereinbarung nicht gestattet.<\/p>\n<p><strong>Haftung f\u00fcr Inhalte:<\/strong><\/p>\n<p>Wir k\u00f6nnen nicht f\u00fcr Inhalte verantwortlich gemacht werden, die auf Ihrer Website erscheinen. Sie verpflichten sich, uns gegen jegliche Anspr\u00fcche, die auf Ihrer Website erhoben werden, zu sch\u00fctzen und zu verteidigen. Es d\u00fcrfen keine Links auf einer Website erscheinen, die als verleumderisch, obsz\u00f6n oder kriminell ausgelegt werden k\u00f6nnten oder die die Rechte Dritter verletzen, anderweitig gegen sie versto\u00dfen oder die Verletzung oder anderweitige Missachtung dieser Rechte bef\u00fcrworten.<\/p>\n<p><strong>Rechtsvorbehalt:<\/strong><\/p>\n<p>Wir behalten uns das Recht vor, Sie aufzufordern, alle Links oder einen bestimmten Link zu unserer Website zu entfernen. Sie verpflichten sich, alle Links zu unserer Website auf Anfrage unverz\u00fcglich zu entfernen. Wir behalten uns au\u00dferdem das Recht vor, diese Allgemeinen Gesch\u00e4ftsbedingungen und die Verlinkungspolitik jederzeit zu \u00e4ndern. Indem Sie kontinuierlich auf unsere Website verlinken, erkl\u00e4ren Sie sich mit diesen Verlinkungsbedingungen einverstanden und halten diese ein.<\/p>\n<p><strong>Entfernung von Links von unserer Website:<\/strong><\/p>\n<p>Wenn Sie auf unserer Website einen Link finden, der aus irgendeinem Grund anst\u00f6\u00dfig ist, k\u00f6nnen Sie uns jederzeit kontaktieren und uns dar\u00fcber informieren. Wir werden Anfragen zur Entfernung von Links pr\u00fcfen, sind aber nicht verpflichtet, Ihnen direkt zu antworten.<\/p>\n<p>Wir k\u00f6nnen nicht garantieren, dass die Informationen auf dieser Website korrekt sind. Wir \u00fcbernehmen keine Garantie f\u00fcr die Vollst\u00e4ndigkeit oder Richtigkeit, noch versprechen wir, dass die Website verf\u00fcgbar bleibt oder dass das Material auf der Website aktuell gehalten wird.<\/p>\n<p><strong>Haftungsausschluss:<\/strong><\/p>\n<p>Soweit es das geltende Recht zul\u00e4sst, schlie\u00dfen wir alle Zusicherungen, Garantien und Bedingungen im Zusammenhang mit unserer Website und der Nutzung dieser Website aus. Nichts in diesem Haftungsausschluss wird:<\/p>\n<ul>\n<li>unsere oder Ihre Haftung f\u00fcr Tod oder Personensch\u00e4den einschr\u00e4nken oder ausschlie\u00dfen;<\/li>\n<li>unsere oder Ihre Haftung f\u00fcr Betrug oder betr\u00fcgerische Falschdarstellung einschr\u00e4nken oder ausschlie\u00dfen;<\/li>\n<li>unsere oder Ihre Haftung in einer Weise beschr\u00e4nken, die nach geltendem Recht nicht zul\u00e4ssig ist; oder<\/li>\n<li>unsere oder Ihre Haftung ausschlie\u00dfen, die nach geltendem Recht nicht ausgeschlossen werden kann.<\/li>\n<\/ul>\n<p>\u00a0<\/p>\n<p>Die in diesem Abschnitt und an anderer Stelle in diesem Haftungsausschluss aufgef\u00fchrten Haftungsbeschr\u00e4nkungen und -verbote: (a) unterliegen dem vorstehenden Absatz; und (b) regeln alle Haftungen, die sich aus dem Haftungsausschluss ergeben, einschlie\u00dflich der Haftungen aus einem Vertrag, einer unerlaubten Handlung und einer Verletzung der gesetzlichen Pflichten.<\/p>\n<p>Solange die Website und die Informationen und Dienste auf der Website kostenlos zur Verf\u00fcgung gestellt werden, haften wir nicht f\u00fcr Verluste oder Sch\u00e4den jeglicher Art.<\/p>\n\t\t\t\t\t\t\t\t<\/div>\n\t\t\t\t<\/div>\n\t\t\t\t\t<\/div>\n\t\t<\/div>\n\t\t\t\t\t<\/div>\n\t\t<\/section>\n\t\t\t\t<\/div>\n\t\t","protected":false},"excerpt":{"rendered":"<p>Allgemeine Gesch\u00e4ftsbedingungen Diese Allgemeinen Gesch\u00e4ftsbedingungen definieren die Regeln und Vorschriften f\u00fcr die Nutzung der Website von Hopman Machinefabriek, die sich unter folgender Adresse befindet: https:\/\/www.hopmanmachinefabriek.nl. Mit dem Besuch dieser Website gehen wir davon aus, dass Sie diese Allgemeinen Gesch\u00e4ftsbedingungen akzeptieren. Nutzen Sie hopmanmachinefabriek nicht weiter, wenn Sie nicht mit allen auf dieser Seite genannten Bedingungen [&hellip;]<\/p>\n","protected":false},"author":1,"featured_media":0,"parent":0,"menu_order":0,"comment_status":"closed","ping_status":"closed","template":"","meta":{"footnotes":""},"class_list":["post-2363","page","type-page","status-publish","hentry"],"_links":{"self":[{"href":"https:\/\/www.hopmanmachinefabriek.nl\/de\/wp-json\/wp\/v2\/pages\/2363","targetHints":{"allow":["GET"]}}],"collection":[{"href":"https:\/\/www.hopmanmachinefabriek.nl\/de\/wp-json\/wp\/v2\/pages"}],"about":[{"href":"https:\/\/www.hopmanmachinefabriek.nl\/de\/wp-json\/wp\/v2\/types\/page"}],"author":[{"embeddable":true,"href":"https:\/\/www.hopmanmachinefabriek.nl\/de\/wp-json\/wp\/v2\/users\/1"}],"replies":[{"embeddable":true,"href":"https:\/\/www.hopmanmachinefabriek.nl\/de\/wp-json\/wp\/v2\/comments?post=2363"}],"version-history":[{"count":1,"href":"https:\/\/www.hopmanmachinefabriek.nl\/de\/wp-json\/wp\/v2\/pages\/2363\/revisions"}],"predecessor-version":[{"id":2364,"href":"https:\/\/www.hopmanmachinefabriek.nl\/de\/wp-json\/wp\/v2\/pages\/2363\/revisions\/2364"}],"wp:attachment":[{"href":"https:\/\/www.hopmanmachinefabriek.nl\/de\/wp-json\/wp\/v2\/media?parent=2363"}],"curies":[{"name":"wp","href":"https:\/\/api.w.org\/{rel}","templated":true}]}}