{"id":2367,"date":"2023-02-28T11:19:30","date_gmt":"2023-02-28T10:19:30","guid":{"rendered":"https:\/\/www.hopmanmachinefabriek.nl\/datenschutzerklaerung\/"},"modified":"2024-10-02T16:35:21","modified_gmt":"2024-10-02T14:35:21","slug":"datenschutzerklaerung","status":"publish","type":"page","link":"https:\/\/www.hopmanmachinefabriek.nl\/de\/datenschutzerklaerung\/","title":{"rendered":"Datenschutzerkl\u00e4rung"},"content":{"rendered":"\t\t<div data-elementor-type=\"wp-page\" data-elementor-id=\"2367\" class=\"elementor elementor-2367 elementor-1472\" data-elementor-post-type=\"page\">\n\t\t\t\t\t\t<section class=\"elementor-section elementor-top-section elementor-element elementor-element-746c0c9 elementor-section-height-min-height elementor-section-items-bottom generic-section elementor-section-boxed elementor-section-height-default\" data-id=\"746c0c9\" data-element_type=\"section\" data-e-type=\"section\" data-settings=\"{&quot;jet_parallax_layout_list&quot;:[],&quot;background_background&quot;:&quot;classic&quot;}\">\n\t\t\t\t\t\t<div class=\"elementor-container elementor-column-gap-default\">\n\t\t\t\t\t<div class=\"elementor-column elementor-col-100 elementor-top-column elementor-element elementor-element-7dbc7fb\" data-id=\"7dbc7fb\" data-element_type=\"column\" data-e-type=\"column\">\n\t\t\t<div class=\"elementor-widget-wrap elementor-element-populated\">\n\t\t\t\t\t\t\t<\/div>\n\t\t<\/div>\n\t\t\t\t\t<\/div>\n\t\t<\/section>\n\t\t\t\t<section class=\"elementor-section elementor-top-section elementor-element elementor-element-1fd88c9 generic-section elementor-section-boxed elementor-section-height-default elementor-section-height-default\" data-id=\"1fd88c9\" data-element_type=\"section\" data-e-type=\"section\" data-settings=\"{&quot;jet_parallax_layout_list&quot;:[]}\">\n\t\t\t\t\t\t<div class=\"elementor-container elementor-column-gap-default\">\n\t\t\t\t\t<div class=\"elementor-column elementor-col-100 elementor-top-column elementor-element elementor-element-a71353f\" data-id=\"a71353f\" data-element_type=\"column\" data-e-type=\"column\">\n\t\t\t<div class=\"elementor-widget-wrap elementor-element-populated\">\n\t\t\t\t\t\t<div class=\"elementor-element elementor-element-48c7d5e elementor-widget elementor-widget-text-editor\" data-id=\"48c7d5e\" data-element_type=\"widget\" data-e-type=\"widget\" data-widget_type=\"text-editor.default\">\n\t\t\t\t<div class=\"elementor-widget-container\">\n\t\t\t\t\t\t\t\t\t<p><strong>Datenschutzerkl\u00e4rung<\/strong><\/p>\n<p>28. Februar 2023 Version 1.0<\/p>\n<p>Um Ihnen einen guten Service bieten zu k\u00f6nnen, verarbeiten wir Ihre (personenbezogenen) Daten. Hopman Machinefabriek nimmt Ihre Privatsph\u00e4re sehr ernst und behandelt Ihre personenbezogenen Daten mit \u00e4u\u00dferster&nbsp;Sorgfalt. In dieser Datenschutzerkl\u00e4rung k\u00f6nnen Sie nachlesen, wie wir Ihre Daten verarbeiten und wof\u00fcr wir sie verwenden.<\/p>\n<p>Hopman Machinefabriek mit Sitz in Metaalweg 7, 3751 LS Bunschoten-Spakenburg<\/p>\n<p>Hopman Machinefabriek ist verantwortlich f\u00fcr die Verarbeitung Ihrer personenbezogenen Daten im Sinne der Datenschutz-Grundverordnung (DSGVO).<\/p>\n<p>In erster Linie h\u00e4lt sich Hopman Machinefabriek in allen F\u00e4llen an die Anforderungen der geltenden Datenschutzgesetze. Wir gehen sorgf\u00e4ltig mit Ihren Daten um. Und das werden wir auch weiterhin tun, auch wenn wir st\u00e4ndig auf der Suche nach dem besten Weg sind, damit Sie unsere Dienste so einfach und schnell wie m\u00f6glich nutzen k\u00f6nnen.<\/p>\n<p><strong>Welche Daten verarbeiten wir und wof\u00fcr verwenden wir sie?<\/strong><\/p>\n<p>Wir sammeln (personenbezogene) Daten und Informationen von Ihnen, die wir f\u00fcr verschiedene Zwecke verarbeiten.<\/p>\n<p><\/p>\n<p><strong>Personenbezogene Daten<\/strong><\/p>\n<p>Wir erfassen Ihren Namen, Ihre E-Mail-Adresse, Telefonnummer und IP-Adresse, um:<\/p>\n<ul>\n<li>Sie zu erkennen<\/li>\n<li>Ihnen einen Service zu bieten<\/li>\n<\/ul>\n<p><strong><br><\/strong><\/p><p><strong>Kommunikation<\/strong><\/p>\n<p>Wir verwenden Ihre E-Mail-Adresse, um:<\/p>\n<ul>\n<li>Sie \u00fcber die von Ihnen \u00fcber die Website hopmanmachinefabriek.nl gestellten Fragen zu informieren<\/li>\n<li>nur mit Ihrer Zustimmung: f\u00fcr den Versand von Newslettern und anderen Mitteilungen. Sie k\u00f6nnen den Newsletter jederzeit abbestellen. Im Newsletter gibt es eine Abbestelloption, die Sie anklicken k\u00f6nnen.<\/li>\n<\/ul>\n<p><br><\/p><p>Wir erfassen diese Daten auf der Grundlage der von Ihnen erteilten Zustimmung.<\/p>\n<p><\/p>\n<p><strong>Hopman Machinefabriek verarbeitet Ihre personenbezogenen Daten nur auf der Grundlage Ihrer Zustimmung<\/strong><\/p>\n<p>Personenbezogene Daten d\u00fcrfen nur verarbeitet werden, wenn daf\u00fcr eine gesetzliche Grundlage besteht (Rechtsgrundlage). Die Grundlage, auf der wir personenbezogene Daten verarbeiten, ist Ihre eindeutige Zustimmung (Artikel 8(a) Wbp \/ Artikel 4 Absatz 11 AGV). Indem Sie der Verarbeitung personenbezogener Daten, den Allgemeinen Gesch\u00e4ftsbedingungen und der Datenschutzerkl\u00e4rung aktiv zustimmen, erkl\u00e4ren Sie sich mit der Verarbeitung Ihrer Daten durch Hopman Machinefabriek wie in dieser Datenschutzerkl\u00e4rung beschrieben einverstanden. Nat\u00fcrlich k\u00f6nnen Sie Ihre Zustimmung jederzeit widerrufen, wir werden Ihre personenbezogenen Daten dann aus unseren Datenbanken und Aufzeichnungen l\u00f6schen. Dieses Recht (auf Widerruf der Zustimmung) bezieht sich auf die zuk\u00fcnftige Verarbeitung Ihrer personenbezogenen Daten und nicht auf personenbezogene Daten, die bereits von uns verarbeitet wurden. Ohne die Verarbeitung Ihrer Daten k\u00f6nnen wir unsere Dienstleistungen nicht erbringen.<\/p>\n<p><\/p>\n<p><strong>Geben wir Ihre Daten an Dritte weiter?<\/strong><\/p>\n<p>Hopman Machinefabriek gibt Ihre personenbezogenen Daten nicht an Dritte weiter, es sei denn, eine gesetzliche Verpflichtung oder ein Gerichtsbeschluss verlangt dies oder Sie wurden ausdr\u00fccklich um Ihre Zustimmung gebeten. Angemessenes Schutzniveau F\u00fcr das ordnungsgem\u00e4\u00dfe Funktionieren unserer Dienste geben wir Ihre Daten an eine Reihe von Parteien innerhalb und au\u00dferhalb Europas weiter. Innerhalb Europas sind dies Vimexx f\u00fcr das Hosting unserer Website und Online Monkeys f\u00fcr die Verwaltung unserer Website. Diese Parteien verf\u00fcgen \u00fcber ein angemessenes Schutzniveau f\u00fcr die Verarbeitung personenbezogener Daten im Sinne des Gesetzes zum Schutz personenbezogener Daten \/ der Datenschutz-Grundverordnung (DSGVO).<\/p>\n<p><\/p>\n<p><strong>Cookies<\/strong><\/p>\n<p>Auf dieser Website verwenden wir Cookies. Ein Cookie ist eine einfache kleine Datei, die mit den Seiten dieser Website verschickt und von Ihrem Browser auf Ihrem Ger\u00e4t gespeichert wird. Die darin gespeicherten Informationen k\u00f6nnen bei Ihrem n\u00e4chsten Besuch verwendet werden, um Ihnen den Zugriff auf die Website zu erleichtern. Zum Beispiel, indem Ihre pers\u00f6nlichen Pr\u00e4ferenzen geladen werden. Wenn Sie nicht m\u00f6chten, dass wir Cookies verwenden, k\u00f6nnen Sie in Ihrem Browser die Option &#8222;Cookies deaktivieren&#8220; w\u00e4hlen oder Ihren Browser-Anbieter nach den richtigen Einstellungen fragen.<\/p>\n<p><\/p>\n<p><strong>Google Analytics<\/strong><\/p>\n<p>\u00dcber unsere Website wird ein Cookie des amerikanischen Unternehmens Google installiert, und zwar im Rahmen des \u201eAnalytics\u201c-Dienstes. Wir verwenden diesen Dienst, um zu verfolgen und Berichte dar\u00fcber zu erhalten, wie Besucher die Website nutzen. Google kann diese Informationen an Dritte weitergeben, wenn Google gesetzlich dazu verpflichtet ist oder soweit Dritte diese Informationen im Auftrag von Google verarbeiten. Darauf haben wir keinen Einfluss. Wir haben Google keine Genehmigung erteilt, die erhaltenen Analytics-Informationen f\u00fcr andere Google-Dienste zu verwenden. Die von Google gesammelten Informationen werden weitestgehend anonymisiert. Ihre IP-Adresse wird ausdr\u00fccklich nicht mitgesendet. Die Informationen werden an Google \u00fcbertragen und von Google auf Servern in den Vereinigten Staaten gespeichert. Google erkl\u00e4rt, die Grunds\u00e4tze des Privacy Shield zu befolgen und ist Mitglied des Privacy Shield-Programms des US-Handelsministeriums. Dies bedeutet, dass ein angemessenes Schutzniveau f\u00fcr die Verarbeitung personenbezogener Daten gew\u00e4hrleistet sein muss.&#8220;<\/p>\n<p><\/p>\n<p><strong>Werden Ihre personenbezogenen Daten gespeichert?<\/strong><\/p>\n<p>Ja, Hopman Machinefabriek wird Ihre Daten speichern, es sei denn, Sie bitten uns, Ihre Daten zu l\u00f6schen. Hopman Machinefabriek wird Ihre Daten auf Wunsch l\u00f6schen oder anonymisieren. M\u00f6chten Sie, dass Hopman Machinefabriek Ihre Daten l\u00f6scht? Senden Sie eine E-Mail an info@hopmanmachinefabriek.nl. Wir werden Ihre Daten innerhalb von 14 Tagen aus unseren Datenbanken und Aufzeichnungen l\u00f6schen oder sie anonymisieren.<\/p>\n<p><\/p>\n<p><strong>Was sind Ihre Rechte?<\/strong><\/p>\n<p><em>Zugriff auf Ihre Daten<\/em><\/p>\n<p>Als Benutzer haben Sie das Recht, auf Ihre personenbezogenen Daten zuzugreifen. Das bedeutet, dass Sie erfragen k\u00f6nnen, welche personenbezogenen Daten \u00fcber Sie registriert sind und f\u00fcr welche Zwecke sie verwendet werden.<\/p>\n<p><\/p>\n<p><em>Berichtigung Ihrer Daten<\/em><\/p>\n<p>Als Benutzer haben Sie das Recht, Ihre personenbezogenen Daten berichtigen zu lassen, wenn sich herausstellt, dass unsere Registrierung nicht (mehr) korrekt ist. Dies gilt auch, wenn die Daten erg\u00e4nzt oder ge\u00e4ndert werden m\u00fcssen.<\/p>\n<p><\/p>\n<p><em>Recht auf Vergessenwerden<\/em><\/p>\n<p>Als Benutzer haben Sie das Recht, Ihre personenbezogenen Daten l\u00f6schen zu lassen. Dies bedeutet, dass wir Ihre personenbezogenen Daten aus unseren Systemen l\u00f6schen. Ihre Daten k\u00f6nnen weiterhin anonymisiert und\/oder in verschiedenen Managementberichten zusammengef\u00fchrt werden.<\/p>\n<p><\/p>\n<p><em>Recht auf Widerspruch<\/em><\/p>\n<p>Als Kunde haben Sie das Recht, der Verarbeitung Ihrer personenbezogenen Daten zu widersprechen. Wir werden Ihren Widerspruch pr\u00fcfen, wenn er gut begr\u00fcndet ist, und Ihnen so schnell wie m\u00f6glich, sp\u00e4testens jedoch innerhalb von drei Wochen, antworten.<\/p>\n<p><\/p>\n<p><em>Recht auf Daten\u00fcbertragbarkeit<\/em><\/p>\n<p>Als Kunde haben Sie das Recht auf \u00dcbertragbarkeit Ihrer personenbezogenen Daten. Das bedeutet, dass wir Ihre personenbezogenen Daten in einem Standarddateiformat zur Wiederverwendung zur Verf\u00fcgung stellen k\u00f6nnen.<\/p>\n<p><\/p>\n<p><em>Datensicherheit<\/em><\/p>\n<p>Hopman Machinefabriek ergreift nach bestem Wissen und Gewissen angemessene technische und organisatorische Sicherheitsma\u00dfnahmen, um die Vertraulichkeit, Integrit\u00e4t und Verf\u00fcgbarkeit Ihrer Daten angemessen zu \u00fcberwachen und zu bewahren. Dies gilt auch f\u00fcr die Informationen, die hinzugef\u00fcgt, extrahiert und\/oder daraus abgeleitet werden sollen. Sowohl Input als auch Output werden von Hopman Machinefabriek gegen Verlust, Diebstahl oder gegen jede unrechtm\u00e4\u00dfige und\/oder unbefugte Form der Verarbeitung gesichert.<\/p>\n<p><\/p>\n<p><em>Haben Sie Fragen?<\/em><\/p>\n<p>Wenn Sie aufgrund dieser Informationen spezielle Fragen oder Anmerkungen zu unserer Datenschutzerkl\u00e4rung haben, kontaktieren Sie uns unter info@hopmanmachinefabriek.nl. Hier k\u00f6nnen Sie auch Fragen zu Einsicht, Berichtigung, Widerspruch und L\u00f6schung Ihrer Daten stellen. Bei Beschwerden \u00fcber die Verarbeitung Ihrer personenbezogenen Daten k\u00f6nnen Sie sich an die niederl\u00e4ndische Datenschutzbeh\u00f6rde, die Autoriteit Persoonsgegevens, wenden. Wir w\u00e4ren Ihnen dankbar, wenn Sie uns diese melden w\u00fcrden, damit wir sofort etwas unternehmen k\u00f6nnen.<\/p>\t\t\t\t\t\t\t\t<\/div>\n\t\t\t\t<\/div>\n\t\t\t\t\t<\/div>\n\t\t<\/div>\n\t\t\t\t\t<\/div>\n\t\t<\/section>\n\t\t\t\t<\/div>\n\t\t","protected":false},"excerpt":{"rendered":"<p>Datenschutzerkl\u00e4rung 28. Februar 2023 Version 1.0 Um Ihnen einen guten Service bieten zu k\u00f6nnen, verarbeiten wir Ihre (personenbezogenen) Daten. Hopman Machinefabriek nimmt Ihre Privatsph\u00e4re sehr ernst und behandelt Ihre personenbezogenen Daten mit \u00e4u\u00dferster&nbsp;Sorgfalt. In dieser Datenschutzerkl\u00e4rung k\u00f6nnen Sie nachlesen, wie wir Ihre Daten verarbeiten und wof\u00fcr wir sie verwenden. Hopman Machinefabriek mit Sitz in Metaalweg [&hellip;]<\/p>\n","protected":false},"author":1,"featured_media":0,"parent":0,"menu_order":0,"comment_status":"closed","ping_status":"closed","template":"","meta":{"footnotes":""},"class_list":["post-2367","page","type-page","status-publish","hentry"],"_links":{"self":[{"href":"https:\/\/www.hopmanmachinefabriek.nl\/de\/wp-json\/wp\/v2\/pages\/2367","targetHints":{"allow":["GET"]}}],"collection":[{"href":"https:\/\/www.hopmanmachinefabriek.nl\/de\/wp-json\/wp\/v2\/pages"}],"about":[{"href":"https:\/\/www.hopmanmachinefabriek.nl\/de\/wp-json\/wp\/v2\/types\/page"}],"author":[{"embeddable":true,"href":"https:\/\/www.hopmanmachinefabriek.nl\/de\/wp-json\/wp\/v2\/users\/1"}],"replies":[{"embeddable":true,"href":"https:\/\/www.hopmanmachinefabriek.nl\/de\/wp-json\/wp\/v2\/comments?post=2367"}],"version-history":[{"count":1,"href":"https:\/\/www.hopmanmachinefabriek.nl\/de\/wp-json\/wp\/v2\/pages\/2367\/revisions"}],"predecessor-version":[{"id":2368,"href":"https:\/\/www.hopmanmachinefabriek.nl\/de\/wp-json\/wp\/v2\/pages\/2367\/revisions\/2368"}],"wp:attachment":[{"href":"https:\/\/www.hopmanmachinefabriek.nl\/de\/wp-json\/wp\/v2\/media?parent=2367"}],"curies":[{"name":"wp","href":"https:\/\/api.w.org\/{rel}","templated":true}]}}