{"id":2369,"date":"2023-03-02T10:41:37","date_gmt":"2023-03-02T09:41:37","guid":{"rendered":"https:\/\/www.hopmanmachinefabriek.nl\/mission-vision\/"},"modified":"2024-10-22T15:30:07","modified_gmt":"2024-10-22T13:30:07","slug":"mission-vision","status":"publish","type":"page","link":"https:\/\/www.hopmanmachinefabriek.nl\/de\/mission-vision\/","title":{"rendered":"Mission &#038; Vision"},"content":{"rendered":"\t\t<div data-elementor-type=\"wp-page\" data-elementor-id=\"2369\" class=\"elementor elementor-2369 elementor-1556\" data-elementor-post-type=\"page\">\n\t\t\t\t\t\t<section class=\"elementor-section elementor-top-section elementor-element elementor-element-c7e57d4 elementor-section-height-min-height generic-section elementor-section-boxed elementor-section-height-default elementor-section-items-middle\" data-id=\"c7e57d4\" data-element_type=\"section\" data-e-type=\"section\" data-settings=\"{&quot;jet_parallax_layout_list&quot;:[],&quot;background_background&quot;:&quot;classic&quot;}\">\n\t\t\t\t\t\t<div class=\"elementor-container elementor-column-gap-default\">\n\t\t\t\t\t<div class=\"elementor-column elementor-col-100 elementor-top-column elementor-element elementor-element-7a26ea8\" data-id=\"7a26ea8\" data-element_type=\"column\" data-e-type=\"column\">\n\t\t\t<div class=\"elementor-widget-wrap elementor-element-populated\">\n\t\t\t\t\t\t\t<\/div>\n\t\t<\/div>\n\t\t\t\t\t<\/div>\n\t\t<\/section>\n\t\t\t\t<section class=\"elementor-section elementor-top-section elementor-element elementor-element-b9473b9 elementor-section-content-middle generic-section elementor-section-boxed elementor-section-height-default elementor-section-height-default\" data-id=\"b9473b9\" data-element_type=\"section\" data-e-type=\"section\" data-settings=\"{&quot;jet_parallax_layout_list&quot;:[]}\">\n\t\t\t\t\t\t<div class=\"elementor-container elementor-column-gap-default\">\n\t\t\t\t\t<div class=\"elementor-column elementor-col-50 elementor-top-column elementor-element elementor-element-c20cb3a\" data-id=\"c20cb3a\" data-element_type=\"column\" data-e-type=\"column\">\n\t\t\t<div class=\"elementor-widget-wrap elementor-element-populated\">\n\t\t\t\t\t\t<div class=\"elementor-element elementor-element-6c526c1 elementor-widget elementor-widget-heading\" data-id=\"6c526c1\" data-element_type=\"widget\" data-e-type=\"widget\" data-widget_type=\"heading.default\">\n\t\t\t\t<div class=\"elementor-widget-container\">\n\t\t\t\t\t<div class=\"elementor-heading-title elementor-size-default\">Wir schaffen einen messbaren Mehrwert und Qualit\u00e4t<\/div>\t\t\t\t<\/div>\n\t\t\t\t<\/div>\n\t\t\t\t<div class=\"elementor-element elementor-element-3529cab elementor-widget elementor-widget-heading\" data-id=\"3529cab\" data-element_type=\"widget\" data-e-type=\"widget\" data-widget_type=\"heading.default\">\n\t\t\t\t<div class=\"elementor-widget-container\">\n\t\t\t\t\t<h2 class=\"elementor-heading-title elementor-size-default\">Mission<\/h2>\t\t\t\t<\/div>\n\t\t\t\t<\/div>\n\t\t\t\t<div class=\"elementor-element elementor-element-22ec611 elementor-widget elementor-widget-text-editor\" data-id=\"22ec611\" data-element_type=\"widget\" data-e-type=\"widget\" data-widget_type=\"text-editor.default\">\n\t\t\t\t<div class=\"elementor-widget-container\">\n\t\t\t\t\t\t\t\t\t<p>Wir sind spezialisiert auf komplexe und hochwertige Bearbeitungen in den Bereichen Tiefbohren, Fr\u00e4sen, Drehen und Maschinenbau. Mit unseren Dienstleistungen verleihen wir Ihren (Halb-)Erzeugnissen einen messbaren Mehrwert und Qualit\u00e4t und machen Ihre Produktionsprozesse kosteneffizienter.<\/p>\n<p>Unser Team aus professionellen und erfahrenen Mitarbeiterinnen und Mitarbeitern arbeitet in einem innovativen und anspruchsvollen Umfeld, mit dem Ziel, unseren Kunden h\u00f6chste Qualit\u00e4t und Pr\u00e4zision zu bieten. Auf diese Weise wollen wir langfristige Beziehungen zu unseren Kunden aufbauen und die besten L\u00f6sungen liefern. \u00a0<\/p>\n\t\t\t\t\t\t\t\t<\/div>\n\t\t\t\t<\/div>\n\t\t\t\t<div class=\"elementor-element elementor-element-9486327 hopman-button-skew elementor-align-left elementor-widget elementor-widget-button\" data-id=\"9486327\" data-element_type=\"widget\" data-e-type=\"widget\" data-widget_type=\"button.default\">\n\t\t\t\t<div class=\"elementor-widget-container\">\n\t\t\t\t\t\t\t\t\t<div class=\"elementor-button-wrapper\">\n\t\t\t\t\t<a class=\"elementor-button elementor-button-link elementor-size-sm\" href=\"\/de\/#spezialitaten\">\n\t\t\t\t\t\t<span class=\"elementor-button-content-wrapper\">\n\t\t\t\t\t\t<span class=\"elementor-button-icon\">\n\t\t\t\t<i aria-hidden=\"true\" class=\"fas fa-arrow-right\"><\/i>\t\t\t<\/span>\n\t\t\t\t\t\t\t\t\t<span class=\"elementor-button-text\">Unsere Spezialit\u00e4ten<\/span>\n\t\t\t\t\t<\/span>\n\t\t\t\t\t<\/a>\n\t\t\t\t<\/div>\n\t\t\t\t\t\t\t\t<\/div>\n\t\t\t\t<\/div>\n\t\t\t\t\t<\/div>\n\t\t<\/div>\n\t\t\t\t<div class=\"elementor-column elementor-col-50 elementor-top-column elementor-element elementor-element-6059c46\" data-id=\"6059c46\" data-element_type=\"column\" data-e-type=\"column\">\n\t\t\t<div class=\"elementor-widget-wrap elementor-element-populated\">\n\t\t\t\t\t\t<div class=\"elementor-element elementor-element-3d3160a elementor-widget elementor-widget-image\" data-id=\"3d3160a\" data-element_type=\"widget\" data-e-type=\"widget\" data-widget_type=\"image.default\">\n\t\t\t\t<div class=\"elementor-widget-container\">\n\t\t\t\t\t\t\t\t\t\t\t\t\t\t\t<img fetchpriority=\"high\" decoding=\"async\" width=\"1200\" height=\"800\" src=\"https:\/\/www.hopmanmachinefabriek.nl\/wp-content\/uploads\/2023\/05\/hopman_missie.webp\" class=\"attachment-full size-full wp-image-2229\" alt=\"\" srcset=\"https:\/\/www.hopmanmachinefabriek.nl\/wp-content\/uploads\/2023\/05\/hopman_missie.webp 1200w, https:\/\/www.hopmanmachinefabriek.nl\/wp-content\/uploads\/2023\/05\/hopman_missie-300x200.webp 300w, https:\/\/www.hopmanmachinefabriek.nl\/wp-content\/uploads\/2023\/05\/hopman_missie-1024x683.webp 1024w, https:\/\/www.hopmanmachinefabriek.nl\/wp-content\/uploads\/2023\/05\/hopman_missie-768x512.webp 768w\" sizes=\"(max-width: 1200px) 100vw, 1200px\" \/>\t\t\t\t\t\t\t\t\t\t\t\t\t\t\t<\/div>\n\t\t\t\t<\/div>\n\t\t\t\t\t<\/div>\n\t\t<\/div>\n\t\t\t\t\t<\/div>\n\t\t<\/section>\n\t\t\t\t<section class=\"elementor-section elementor-top-section elementor-element elementor-element-a60f2d9 generic-section elementor-section-content-middle elementor-reverse-tablet elementor-reverse-mobile_extra elementor-reverse-mobile elementor-section-boxed elementor-section-height-default elementor-section-height-default\" data-id=\"a60f2d9\" data-element_type=\"section\" data-e-type=\"section\" data-settings=\"{&quot;jet_parallax_layout_list&quot;:[]}\">\n\t\t\t\t\t\t<div class=\"elementor-container elementor-column-gap-default\">\n\t\t\t\t\t<div class=\"elementor-column elementor-col-50 elementor-top-column elementor-element elementor-element-345efbe\" data-id=\"345efbe\" data-element_type=\"column\" data-e-type=\"column\">\n\t\t\t<div class=\"elementor-widget-wrap elementor-element-populated\">\n\t\t\t\t\t\t<div class=\"elementor-element elementor-element-d7857cd elementor-widget elementor-widget-image\" data-id=\"d7857cd\" data-element_type=\"widget\" data-e-type=\"widget\" data-widget_type=\"image.default\">\n\t\t\t\t<div class=\"elementor-widget-container\">\n\t\t\t\t\t\t\t\t\t\t\t\t\t\t\t<img decoding=\"async\" width=\"1200\" height=\"800\" src=\"https:\/\/www.hopmanmachinefabriek.nl\/wp-content\/uploads\/2023\/05\/hopman_visie.webp\" class=\"attachment-full size-full wp-image-2231\" alt=\"\" srcset=\"https:\/\/www.hopmanmachinefabriek.nl\/wp-content\/uploads\/2023\/05\/hopman_visie.webp 1200w, https:\/\/www.hopmanmachinefabriek.nl\/wp-content\/uploads\/2023\/05\/hopman_visie-300x200.webp 300w, https:\/\/www.hopmanmachinefabriek.nl\/wp-content\/uploads\/2023\/05\/hopman_visie-1024x683.webp 1024w, https:\/\/www.hopmanmachinefabriek.nl\/wp-content\/uploads\/2023\/05\/hopman_visie-768x512.webp 768w\" sizes=\"(max-width: 1200px) 100vw, 1200px\" \/>\t\t\t\t\t\t\t\t\t\t\t\t\t\t\t<\/div>\n\t\t\t\t<\/div>\n\t\t\t\t\t<\/div>\n\t\t<\/div>\n\t\t\t\t<div class=\"elementor-column elementor-col-50 elementor-top-column elementor-element elementor-element-c3fb295\" data-id=\"c3fb295\" data-element_type=\"column\" data-e-type=\"column\">\n\t\t\t<div class=\"elementor-widget-wrap elementor-element-populated\">\n\t\t\t\t\t\t<div class=\"elementor-element elementor-element-280c793 elementor-widget elementor-widget-heading\" data-id=\"280c793\" data-element_type=\"widget\" data-e-type=\"widget\" data-widget_type=\"heading.default\">\n\t\t\t\t<div class=\"elementor-widget-container\">\n\t\t\t\t\t<div class=\"elementor-heading-title elementor-size-default\">Qualit\u00e4t, Pr\u00e4zision und Innovation<\/div>\t\t\t\t<\/div>\n\t\t\t\t<\/div>\n\t\t\t\t<div class=\"elementor-element elementor-element-b4f3a6d elementor-widget elementor-widget-heading\" data-id=\"b4f3a6d\" data-element_type=\"widget\" data-e-type=\"widget\" data-widget_type=\"heading.default\">\n\t\t\t\t<div class=\"elementor-widget-container\">\n\t\t\t\t\t<h2 class=\"elementor-heading-title elementor-size-default\">Vision<\/h2>\t\t\t\t<\/div>\n\t\t\t\t<\/div>\n\t\t\t\t<div class=\"elementor-element elementor-element-0bb1e7e elementor-widget elementor-widget-text-editor\" data-id=\"0bb1e7e\" data-element_type=\"widget\" data-e-type=\"widget\" data-widget_type=\"text-editor.default\">\n\t\t\t\t<div class=\"elementor-widget-container\">\n\t\t\t\t\t\t\t\t\t<p>Indem wir unseren Fokus auf Qualit\u00e4t, Pr\u00e4zision und Innovation beibehalten, streben wir danach, ein f\u00fchrender Anbieter von innovativen Dienstleistungen auf dem Gebiet des Tiefbohrens und des Maschinenbaus f\u00fcr die Lebensmittelindustrie in den Niederlanden zu sein.<\/p>\n\t\t\t\t\t\t\t\t<\/div>\n\t\t\t\t<\/div>\n\t\t\t\t\t<\/div>\n\t\t<\/div>\n\t\t\t\t\t<\/div>\n\t\t<\/section>\n\t\t\t\t<section class=\"elementor-section elementor-top-section elementor-element elementor-element-ad52178 generic-section elementor-section-content-middle elementor-section-boxed elementor-section-height-default elementor-section-height-default\" data-id=\"ad52178\" data-element_type=\"section\" data-e-type=\"section\" data-settings=\"{&quot;jet_parallax_layout_list&quot;:[]}\">\n\t\t\t\t\t\t<div class=\"elementor-container elementor-column-gap-default\">\n\t\t\t\t\t<div class=\"elementor-column elementor-col-50 elementor-top-column elementor-element elementor-element-a16ac6d\" data-id=\"a16ac6d\" data-element_type=\"column\" data-e-type=\"column\">\n\t\t\t<div class=\"elementor-widget-wrap elementor-element-populated\">\n\t\t\t\t\t\t<div class=\"elementor-element elementor-element-736d703 elementor-widget elementor-widget-heading\" data-id=\"736d703\" data-element_type=\"widget\" data-e-type=\"widget\" data-widget_type=\"heading.default\">\n\t\t\t\t<div class=\"elementor-widget-container\">\n\t\t\t\t\t<div class=\"elementor-heading-title elementor-size-default\">Die treibende Kraft hinter allem, was wir tun<\/div>\t\t\t\t<\/div>\n\t\t\t\t<\/div>\n\t\t\t\t<div class=\"elementor-element elementor-element-7591439 elementor-widget elementor-widget-heading\" data-id=\"7591439\" data-element_type=\"widget\" data-e-type=\"widget\" data-widget_type=\"heading.default\">\n\t\t\t\t<div class=\"elementor-widget-container\">\n\t\t\t\t\t<h2 class=\"elementor-heading-title elementor-size-default\">Kernwerte<\/h2>\t\t\t\t<\/div>\n\t\t\t\t<\/div>\n\t\t\t\t<div class=\"elementor-element elementor-element-f94df3f elementor-widget elementor-widget-text-editor\" data-id=\"f94df3f\" data-element_type=\"widget\" data-e-type=\"widget\" data-widget_type=\"text-editor.default\">\n\t\t\t\t<div class=\"elementor-widget-container\">\n\t\t\t\t\t\t\t\t\t<p>Unsere Kernwerte bilden das Fundament unseres Unternehmens und sind die treibende Kraft hinter allem, was wir tun. Wir engagieren uns f\u00fcr unsere Kunden und bem\u00fchen uns, ihre Bed\u00fcrfnisse vollst\u00e4ndig zu verstehen. Dank unserer l\u00f6sungsorientierten Arbeitsweise und unserem innovativen Denken bieten wir unseren Kunden die bestm\u00f6glichen L\u00f6sungen.<\/p>\n\t\t\t\t\t\t\t\t<\/div>\n\t\t\t\t<\/div>\n\t\t\t\t\t<\/div>\n\t\t<\/div>\n\t\t\t\t<div class=\"elementor-column elementor-col-50 elementor-top-column elementor-element elementor-element-e2d85d6\" data-id=\"e2d85d6\" data-element_type=\"column\" data-e-type=\"column\">\n\t\t\t<div class=\"elementor-widget-wrap elementor-element-populated\">\n\t\t\t\t\t\t<div class=\"elementor-element elementor-element-b11b804 hop_mvk-foto elementor-widget elementor-widget-image\" data-id=\"b11b804\" data-element_type=\"widget\" data-e-type=\"widget\" data-widget_type=\"image.default\">\n\t\t\t\t<div class=\"elementor-widget-container\">\n\t\t\t\t\t\t\t\t\t\t\t\t\t\t\t<img decoding=\"async\" width=\"1200\" height=\"800\" src=\"https:\/\/www.hopmanmachinefabriek.nl\/wp-content\/uploads\/2023\/05\/hopman_kernwaarden.webp\" class=\"attachment-full size-full wp-image-2233\" alt=\"\" srcset=\"https:\/\/www.hopmanmachinefabriek.nl\/wp-content\/uploads\/2023\/05\/hopman_kernwaarden.webp 1200w, https:\/\/www.hopmanmachinefabriek.nl\/wp-content\/uploads\/2023\/05\/hopman_kernwaarden-300x200.webp 300w, https:\/\/www.hopmanmachinefabriek.nl\/wp-content\/uploads\/2023\/05\/hopman_kernwaarden-1024x683.webp 1024w, https:\/\/www.hopmanmachinefabriek.nl\/wp-content\/uploads\/2023\/05\/hopman_kernwaarden-768x512.webp 768w\" sizes=\"(max-width: 1200px) 100vw, 1200px\" \/>\t\t\t\t\t\t\t\t\t\t\t\t\t\t\t<\/div>\n\t\t\t\t<\/div>\n\t\t\t\t\t<\/div>\n\t\t<\/div>\n\t\t\t\t\t<\/div>\n\t\t<\/section>\n\t\t\t\t<\/div>\n\t\t","protected":false},"excerpt":{"rendered":"<p>Wir schaffen einen messbaren Mehrwert und Qualit\u00e4t Mission Wir sind spezialisiert auf komplexe und hochwertige Bearbeitungen in den Bereichen Tiefbohren, Fr\u00e4sen, Drehen und Maschinenbau. Mit unseren Dienstleistungen verleihen wir Ihren (Halb-)Erzeugnissen einen messbaren Mehrwert und Qualit\u00e4t und machen Ihre Produktionsprozesse kosteneffizienter. Unser Team aus professionellen und erfahrenen Mitarbeiterinnen und Mitarbeitern arbeitet in einem innovativen und [&hellip;]<\/p>\n","protected":false},"author":1,"featured_media":0,"parent":0,"menu_order":0,"comment_status":"closed","ping_status":"closed","template":"","meta":{"footnotes":""},"class_list":["post-2369","page","type-page","status-publish","hentry"],"_links":{"self":[{"href":"https:\/\/www.hopmanmachinefabriek.nl\/de\/wp-json\/wp\/v2\/pages\/2369","targetHints":{"allow":["GET"]}}],"collection":[{"href":"https:\/\/www.hopmanmachinefabriek.nl\/de\/wp-json\/wp\/v2\/pages"}],"about":[{"href":"https:\/\/www.hopmanmachinefabriek.nl\/de\/wp-json\/wp\/v2\/types\/page"}],"author":[{"embeddable":true,"href":"https:\/\/www.hopmanmachinefabriek.nl\/de\/wp-json\/wp\/v2\/users\/1"}],"replies":[{"embeddable":true,"href":"https:\/\/www.hopmanmachinefabriek.nl\/de\/wp-json\/wp\/v2\/comments?post=2369"}],"version-history":[{"count":16,"href":"https:\/\/www.hopmanmachinefabriek.nl\/de\/wp-json\/wp\/v2\/pages\/2369\/revisions"}],"predecessor-version":[{"id":2850,"href":"https:\/\/www.hopmanmachinefabriek.nl\/de\/wp-json\/wp\/v2\/pages\/2369\/revisions\/2850"}],"wp:attachment":[{"href":"https:\/\/www.hopmanmachinefabriek.nl\/de\/wp-json\/wp\/v2\/media?parent=2369"}],"curies":[{"name":"wp","href":"https:\/\/api.w.org\/{rel}","templated":true}]}}